{"id":577,"date":"2014-06-12T01:07:47","date_gmt":"2014-06-12T00:07:47","guid":{"rendered":"https:\/\/www.koobee.fr\/site\/?page_id=577"},"modified":"2025-01-14T12:30:55","modified_gmt":"2025-01-14T11:30:55","slug":"graphiste-et-illustratrice-en-haute-savoie","status":"publish","type":"page","link":"https:\/\/www.koobee.fr\/site\/graphiste-et-illustratrice-en-haute-savoie","title":{"rendered":"Graphiste et illustratrice en Haute-Savoie"},"content":{"rendered":"<p>Graphiste et illustratrice en Haute-Savoie, je con\u00e7ois depuis 2007 des supports de communication print et web. Mon exp\u00e9rience en agences parisiennes et lyonnaises, coupl\u00e9e \u00e0 un BTS en communication visuelle et une licence professionnelle en webdesign, me permet de r\u00e9pondre avec cr\u00e9ativit\u00e9 et pr\u00e9cision \u00e0 vos besoins.<\/p>\n<p><strong>Bas\u00e9e dans les montagnes de Haute-Savoie,<\/strong> j&rsquo;accompagne entreprises et particuliers dans la cr\u00e9ation de supports graphiques adapt\u00e9s \u00e0 leur image : logos, identit\u00e9s visuelles, plaquettes, stands, illustrations, et design web.<\/p>\n<p>Je privil\u00e9gie <strong>l\u2019\u00e9coute et l\u2019\u00e9change<\/strong> pour vous offrir des cr\u00e9ations uniques, en coh\u00e9rence avec vos valeurs et vos objectifs. Travailler avec moi, c\u2019est b\u00e9n\u00e9ficier d\u2019un accompagnement r\u00e9actif et d\u2019une relation de confiance tout au long du projet.<\/p>\n<p>En tant que <strong>graphiste freelance,<\/strong> je collabore \u00e9galement avec des imprimeurs, d\u00e9veloppeurs et photographes pour assurer un rendu professionnel \u00e0 chaque \u00e9tape.<\/p>\n<p><strong><a href=\"https:\/\/www.koobee.fr\/site\/contact\">Contactez-moi<\/a><\/strong> pour que l&rsquo;on parle de vos projets !<\/p>\n<div><strong><a href=\"https:\/\/www.malt.fr\/profile\/sophiekoubbi1\" target=\"_blank\" rel=\"noopener\">D\u00e9couvrez mon profil MALT<\/a><\/strong><\/div>\n<div><strong><a href=\"https:\/\/www.behance.net\/Koobee-graphiste\" target=\"_blank\" rel=\"noopener\">D\u00e9couvrez mon profil BEHANCE<\/a><\/strong><\/div>\n<h3>Ils m&rsquo;ont fait confiance en tant que graphiste, illustratrice et je les remercie :<\/h3>\n<div><em>Colissimo, La poste, La M\u00e9tallurgie, D\u00e9mos, Panache, Tumulte&#8230;<\/em><\/div>\n<div><em><a href=\"https:\/\/www.insign.fr\/\" target=\"_blank\" rel=\"noopener\">Insign<\/a> : Arm\u00e9e de Terre, April, Emoa, Sage, Valrhona, Citadines, V\u00e9olia, Oberthur, CFE-CGC&#8230;<\/em><\/div>\n<div><em>D\u00e8scode : CNR, CCI, Bougicord, Soulier Avocats, Les Scop, Labellemontagne, TCL, Clinique Niforos, Dermscan, Adira, Pock\u00e9mon Crew&#8230;<\/em><\/div>\n<div><em>Malls : Badoit, Euro Voyage, Savana Go\u00fbter&#8230;<\/em><\/div>\n<div><em><a href=\"https:\/\/www.mixigram.com\/agence-de-communication-BD-mais-pas-que\" target=\"_blank\" rel=\"noopener\">Mixigram<\/a> : Cr\u00e9dit Foncier, Cr\u00e9dit Agricole, EDF&#8230;<\/em><\/div>\n<div><em>Yul Studio : Mastrad, Aides&#8230;<\/em><\/div>\n<div><em>L&rsquo;agence Emulsion : Lagrange<\/em><\/div>\n<div><em><a href=\"https:\/\/agenceproches.com\/\" target=\"_blank\" rel=\"noopener\">Proches<\/a> : Auchan, Secours catholique<\/em><\/div>\n<div><em><a href=\"https:\/\/mnid.fr\/\" target=\"_blank\" rel=\"noopener\">My name is Design<\/a> : Apave, Verrerie de Saint-Just, Nexity<\/em><\/div>\n<div><\/div>\n<div>Graphiste et illustratrice en Haute-Savoie, je vous accompagne partout en France pour tout type de projet :<\/div>\n<h3>Branding :<\/h3>\n<p>identit\u00e9 visuelle, logo, charte graphique, carte de visite, papier \u00e0 lettre, enseigne&#8230;<\/p>\n<h3>Print :<\/h3>\n<div>catalogue, brochure, flyer, plaquette, d\u00e9pliant, carte de voeux, faire part, invitation, affiche, pochette CD\/DVD&#8230;<\/div>\n<h3>Illustrations :<\/h3>\n<div>illustrations vectorielles, infographies, picto, gif anim\u00e9s&#8230;<\/div>\n<h3>Edition :<\/h3>\n<div>livre, couvertures illustr\u00e9es, livres de recettes&#8230;<\/div>\n<h3>Presse :<\/h3>\n<div>dossier de presse, Revue de presse&#8230;<\/div>\n<h3>Ev\u00e9nementiel :<\/h3>\n<div>stand, kak\u00e9mono, programmes, coupon, ticket&#8230;<\/div>\n<h3>Packaging\u00a0:<\/h3>\n<div>colis, emballages, \u00e9tiquette, PLV&#8230;<\/div>\n<div style=\"margin-bottom:30px\"><\/div>\n<div><\/div>\n<div><\/div>\n<div><\/div>\n<div><\/div>\n","protected":false},"excerpt":{"rendered":"<p>Graphiste et illustratrice en Haute-Savoie, je con\u00e7ois depuis 2007 des supports de communication print et web. Mon exp\u00e9rience en agences parisiennes et lyonnaises, coupl\u00e9e \u00e0 un BTS en communication visuelle et une licence professionnelle en webdesign, me permet de r\u00e9pondre avec cr\u00e9ativit\u00e9 et pr\u00e9cision \u00e0 vos besoins. Bas\u00e9e dans les montagnes de Haute-Savoie, j&rsquo;accompagne entreprises [&hellip;]<\/p>\n","protected":false},"author":700551,"featured_media":0,"parent":0,"menu_order":0,"comment_status":"open","ping_status":"open","template":"","meta":{"footnotes":""},"yoast_head":"<!-- This site is optimized with the Yoast SEO plugin v21.5 - https:\/\/yoast.com\/wordpress\/plugins\/seo\/ -->\n<title>Graphiste et illustratrice en Haute-Savoie - Koobee<\/title>\n<meta name=\"description\" content=\"Sophie Koubbi - Graphiste et illustratrice en Haute-Savoie, j&#039;assure la direction artistique de tous vos projets : logotype, charte graphique, plaquette, illustration,site\" \/>\n<meta name=\"robots\" content=\"index, follow, max-snippet:-1, max-image-preview:large, max-video-preview:-1\" \/>\n<link rel=\"canonical\" href=\"https:\/\/www.koobee.fr\/site\/graphiste-et-illustratrice-en-haute-savoie\" \/>\n<meta property=\"og:locale\" content=\"fr_FR\" \/>\n<meta property=\"og:type\" content=\"article\" \/>\n<meta property=\"og:title\" content=\"Graphiste et illustratrice en Haute-Savoie - Koobee\" \/>\n<meta property=\"og:description\" content=\"Sophie Koubbi - Graphiste et illustratrice en Haute-Savoie, j&#039;assure la direction artistique de tous vos projets : logotype, charte graphique, plaquette, illustration,site\" \/>\n<meta property=\"og:url\" content=\"https:\/\/www.koobee.fr\/site\/graphiste-et-illustratrice-en-haute-savoie\" \/>\n<meta property=\"og:site_name\" content=\"Koobee\" \/>\n<meta property=\"article:modified_time\" content=\"2025-01-14T11:30:55+00:00\" \/>\n<meta name=\"twitter:label1\" content=\"Dur\u00e9e de lecture estim\u00e9e\" \/>\n\t<meta name=\"twitter:data1\" content=\"2 minutes\" \/>\n<script type=\"application\/ld+json\" class=\"yoast-schema-graph\">{\"@context\":\"https:\/\/schema.org\",\"@graph\":[{\"@type\":\"WebPage\",\"@id\":\"https:\/\/www.koobee.fr\/site\/graphiste-et-illustratrice-en-haute-savoie\",\"url\":\"https:\/\/www.koobee.fr\/site\/graphiste-et-illustratrice-en-haute-savoie\",\"name\":\"Graphiste et illustratrice en Haute-Savoie - Koobee\",\"isPartOf\":{\"@id\":\"https:\/\/www.koobee.fr\/site\/#website\"},\"datePublished\":\"2014-06-12T00:07:47+00:00\",\"dateModified\":\"2025-01-14T11:30:55+00:00\",\"description\":\"Sophie Koubbi - Graphiste et illustratrice en Haute-Savoie, j'assure la direction artistique de tous vos projets : logotype, charte graphique, plaquette, illustration,site\",\"breadcrumb\":{\"@id\":\"https:\/\/www.koobee.fr\/site\/graphiste-et-illustratrice-en-haute-savoie#breadcrumb\"},\"inLanguage\":\"fr-FR\",\"potentialAction\":[{\"@type\":\"ReadAction\",\"target\":[\"https:\/\/www.koobee.fr\/site\/graphiste-et-illustratrice-en-haute-savoie\"]}]},{\"@type\":\"BreadcrumbList\",\"@id\":\"https:\/\/www.koobee.fr\/site\/graphiste-et-illustratrice-en-haute-savoie#breadcrumb\",\"itemListElement\":[{\"@type\":\"ListItem\",\"position\":1,\"name\":\"Accueil\",\"item\":\"https:\/\/www.koobee.fr\/site\/\"},{\"@type\":\"ListItem\",\"position\":2,\"name\":\"Graphiste et illustratrice en Haute-Savoie\"}]},{\"@type\":\"WebSite\",\"@id\":\"https:\/\/www.koobee.fr\/site\/#website\",\"url\":\"https:\/\/www.koobee.fr\/site\/\",\"name\":\"Koobee\",\"description\":\"Sophie Koubbi, Graphiste, Illustratrice, Directrice artistique Freelance\",\"potentialAction\":[{\"@type\":\"SearchAction\",\"target\":{\"@type\":\"EntryPoint\",\"urlTemplate\":\"https:\/\/www.koobee.fr\/site\/?s={search_term_string}\"},\"query-input\":\"required name=search_term_string\"}],\"inLanguage\":\"fr-FR\"}]}<\/script>\n<!-- \/ Yoast SEO plugin. -->","yoast_head_json":{"title":"Graphiste et illustratrice en Haute-Savoie - Koobee","description":"Sophie Koubbi - Graphiste et illustratrice en Haute-Savoie, j'assure la direction artistique de tous vos projets : logotype, charte graphique, plaquette, illustration,site","robots":{"index":"index","follow":"follow","max-snippet":"max-snippet:-1","max-image-preview":"max-image-preview:large","max-video-preview":"max-video-preview:-1"},"canonical":"https:\/\/www.koobee.fr\/site\/graphiste-et-illustratrice-en-haute-savoie","og_locale":"fr_FR","og_type":"article","og_title":"Graphiste et illustratrice en Haute-Savoie - Koobee","og_description":"Sophie Koubbi - Graphiste et illustratrice en Haute-Savoie, j'assure la direction artistique de tous vos projets : logotype, charte graphique, plaquette, illustration,site","og_url":"https:\/\/www.koobee.fr\/site\/graphiste-et-illustratrice-en-haute-savoie","og_site_name":"Koobee","article_modified_time":"2025-01-14T11:30:55+00:00","twitter_misc":{"Dur\u00e9e de lecture estim\u00e9e":"2 minutes"},"schema":{"@context":"https:\/\/schema.org","@graph":[{"@type":"WebPage","@id":"https:\/\/www.koobee.fr\/site\/graphiste-et-illustratrice-en-haute-savoie","url":"https:\/\/www.koobee.fr\/site\/graphiste-et-illustratrice-en-haute-savoie","name":"Graphiste et illustratrice en Haute-Savoie - Koobee","isPartOf":{"@id":"https:\/\/www.koobee.fr\/site\/#website"},"datePublished":"2014-06-12T00:07:47+00:00","dateModified":"2025-01-14T11:30:55+00:00","description":"Sophie Koubbi - Graphiste et illustratrice en Haute-Savoie, j'assure la direction artistique de tous vos projets : logotype, charte graphique, plaquette, illustration,site","breadcrumb":{"@id":"https:\/\/www.koobee.fr\/site\/graphiste-et-illustratrice-en-haute-savoie#breadcrumb"},"inLanguage":"fr-FR","potentialAction":[{"@type":"ReadAction","target":["https:\/\/www.koobee.fr\/site\/graphiste-et-illustratrice-en-haute-savoie"]}]},{"@type":"BreadcrumbList","@id":"https:\/\/www.koobee.fr\/site\/graphiste-et-illustratrice-en-haute-savoie#breadcrumb","itemListElement":[{"@type":"ListItem","position":1,"name":"Accueil","item":"https:\/\/www.koobee.fr\/site\/"},{"@type":"ListItem","position":2,"name":"Graphiste et illustratrice en Haute-Savoie"}]},{"@type":"WebSite","@id":"https:\/\/www.koobee.fr\/site\/#website","url":"https:\/\/www.koobee.fr\/site\/","name":"Koobee","description":"Sophie Koubbi, Graphiste, Illustratrice, Directrice artistique Freelance","potentialAction":[{"@type":"SearchAction","target":{"@type":"EntryPoint","urlTemplate":"https:\/\/www.koobee.fr\/site\/?s={search_term_string}"},"query-input":"required name=search_term_string"}],"inLanguage":"fr-FR"}]}},"_links":{"self":[{"href":"https:\/\/www.koobee.fr\/site\/wp-json\/wp\/v2\/pages\/577"}],"collection":[{"href":"https:\/\/www.koobee.fr\/site\/wp-json\/wp\/v2\/pages"}],"about":[{"href":"https:\/\/www.koobee.fr\/site\/wp-json\/wp\/v2\/types\/page"}],"author":[{"embeddable":true,"href":"https:\/\/www.koobee.fr\/site\/wp-json\/wp\/v2\/users\/700551"}],"replies":[{"embeddable":true,"href":"https:\/\/www.koobee.fr\/site\/wp-json\/wp\/v2\/comments?post=577"}],"version-history":[{"count":29,"href":"https:\/\/www.koobee.fr\/site\/wp-json\/wp\/v2\/pages\/577\/revisions"}],"predecessor-version":[{"id":1915,"href":"https:\/\/www.koobee.fr\/site\/wp-json\/wp\/v2\/pages\/577\/revisions\/1915"}],"wp:attachment":[{"href":"https:\/\/www.koobee.fr\/site\/wp-json\/wp\/v2\/media?parent=577"}],"curies":[{"name":"wp","href":"https:\/\/api.w.org\/{rel}","templated":true}]}}